{"id":1205,"date":"2020-03-05T16:03:19","date_gmt":"2020-03-05T21:03:19","guid":{"rendered":"https:\/\/wwd-yvesgingras.uqam.ca\/?page_id=1205"},"modified":"2021-05-28T13:17:08","modified_gmt":"2021-05-28T17:17:08","slug":"television","status":"publish","type":"page","link":"https:\/\/yvesgingras.uqam.ca\/en\/media\/television\/","title":{"rendered":"Television"},"content":{"rendered":"\n\n\n<div class=\"su-posts su-posts-default-loop \">\n\n\t\n\t\t\t\t\t\n\t\t\t\n\t\t\t<div id=\"su-post-7574\" class=\"su-post \">\n\n\t\t\t\t\n\t\t\t\t<h2 class=\"su-post-title\"><a href=\"https:\/\/yvesgingras.uqam.ca\/en\/medias-en\/ce-qui-reste-du-titan\/\">Ce qui reste du Titan<\/a><\/h2>\n\n\t\t\t\t<div class=\"su-post-meta\">\n\t\t\t\t\tPosted: 30 January 2025\t\t\t\t<\/div>\n\n\t\t\t\t<div class=\"su-post-excerpt\">\n\t\t\t\t\t<p>ICI Radio-Canada, 2025-01-30<\/p>\n\t\t\t\t<\/div>\n\n\t\t\t\t\n\t\t\t<\/div>\n\n\t\t\t\t\t\n\t\t\t\n\t\t\t<div id=\"su-post-6876\" class=\"su-post \">\n\n\t\t\t\t\n\t\t\t\t<h2 class=\"su-post-title\"><a href=\"https:\/\/yvesgingras.uqam.ca\/en\/medias-en\/facultes-en-alerte-fonds-publics-et-liberte-de-recherche\/\">Facult\u00e9s en alerte ? Fonds publics et libert\u00e9 de recherche<\/a><\/h2>\n\n\t\t\t\t<div class=\"su-post-meta\">\n\t\t\t\t\tPosted: 22 February 2024\t\t\t\t<\/div>\n\n\t\t\t\t<div class=\"su-post-excerpt\">\n\t\t\t\t\t<p>Savoir. m\u00e9dia, 22 f\u00e9vrier 2024<\/p>\n\t\t\t\t<\/div>\n\n\t\t\t\t\n\t\t\t<\/div>\n\n\t\t\t\t\t\n\t\t\t\n\t\t\t<div id=\"su-post-6858\" class=\"su-post \">\n\n\t\t\t\t\n\t\t\t\t<h2 class=\"su-post-title\"><a href=\"https:\/\/yvesgingras.uqam.ca\/en\/medias-en\/lintegration-du-savoir-traditionnel-et-des-connaissances-scientifiques-autochtones-a-lelaboration-des-politiques-gouvernementales\/\">L&#8217;int\u00e9gration du savoir traditionnel et des connaissances scientifiques autochtones \u00e0 l&#8217;\u00e9laboration des politiques gouvernementales<\/a><\/h2>\n\n\t\t\t\t<div class=\"su-post-meta\">\n\t\t\t\t\tPosted: 21 February 2024\t\t\t\t<\/div>\n\n\t\t\t\t<div class=\"su-post-excerpt\">\n\t\t\t\t\t<p>Intervention au Comit\u00e9 permanent de la science et de la recherche (12 h 08), le 6 f\u00e9vrier 2024.<\/p>\n\t\t\t\t<\/div>\n\n\t\t\t\t\n\t\t\t<\/div>\n\n\t\t\t\t\t\n\t\t\t\n\t\t\t<div id=\"su-post-6893\" class=\"su-post \">\n\n\t\t\t\t\n\t\t\t\t<h2 class=\"su-post-title\"><a href=\"https:\/\/yvesgingras.uqam.ca\/en\/medias-en\/dialogue-entre-gingras-et-peter-suber-sur-la-science-ouverte\/\">Dialogue entre Gingras et Peter Suber sur la science ouverte<\/a><\/h2>\n\n\t\t\t\t<div class=\"su-post-meta\">\n\t\t\t\t\tPosted: 9 November 2023\t\t\t\t<\/div>\n\n\t\t\t\t<div class=\"su-post-excerpt\">\n\t\t\t\t\t<p>Discussion pour la 3e session de l&#8217;Assembl\u00e9e des partenaires de HAL.<\/p>\n\t\t\t\t<\/div>\n\n\t\t\t\t\n\t\t\t<\/div>\n\n\t\t\t\t\t\n\t\t\t\n\t\t\t<div id=\"su-post-6468\" class=\"su-post \">\n\n\t\t\t\t\n\t\t\t\t<h2 class=\"su-post-title\"><a href=\"https:\/\/yvesgingras.uqam.ca\/en\/medias-en\/science-et-religion-sont-elles-incompatibles\/\">Science et religion sont-elles incompatibles?<\/a><\/h2>\n\n\t\t\t\t<div class=\"su-post-meta\">\n\t\t\t\t\tPosted: 25 January 2023\t\t\t\t<\/div>\n\n\t\t\t\t<div class=\"su-post-excerpt\">\n\t\t\t\t\t<p>Savoir. m\u00e9dia, 2023<\/p>\n\t\t\t\t<\/div>\n\n\t\t\t\t\n\t\t\t<\/div>\n\n\t\t\t\t\t\n\t\t\t\n\t\t\t<div id=\"su-post-5807\" class=\"su-post \">\n\n\t\t\t\t\n\t\t\t\t<h2 class=\"su-post-title\"><a href=\"https:\/\/yvesgingras.uqam.ca\/en\/medias-en\/le-rapport-de-la-commission-scientifique-et-technique-independante-sur-la-reconnaissance-de-la-liberte-academique-dans-le-milieu-universitaire-est-maintenant-public\/\">Le rapport de la Commission scientifique et technique ind\u00e9pendante sur la reconnaissance de la libert\u00e9 acad\u00e9mique dans le milieu universitaire est maintenant public<\/a><\/h2>\n\n\t\t\t\t<div class=\"su-post-meta\">\n\t\t\t\t\tPosted: 14 December 2021\t\t\t\t<\/div>\n\n\t\t\t\t<div class=\"su-post-excerpt\">\n\t\t\t\t\t<p>Rapport rendu public le 14 d\u00e9cembre 2021.<\/p>\n\t\t\t\t<\/div>\n\n\t\t\t\t\n\t\t\t<\/div>\n\n\t\t\t\t\t\n\t\t\t\n\t\t\t<div id=\"su-post-5787\" class=\"su-post \">\n\n\t\t\t\t\n\t\t\t\t<h2 class=\"su-post-title\"><a href=\"https:\/\/yvesgingras.uqam.ca\/en\/medias-en\/peut-on-encore-se-fier-a-la-science\/\">Peut-on encore se fier \u00e0 la science ?<\/a><\/h2>\n\n\t\t\t\t<div class=\"su-post-meta\">\n\t\t\t\t\tPosted: 7 December 2021\t\t\t\t<\/div>\n\n\t\t\t\t<div class=\"su-post-excerpt\">\n\t\t\t\t\t<p>La Tronche en Biais, 24 novembre 2021<\/p>\n\t\t\t\t<\/div>\n\n\t\t\t\t\n\t\t\t<\/div>\n\n\t\t\t\t\t\n\t\t\t\n\t\t\t<div id=\"su-post-5546\" class=\"su-post \">\n\n\t\t\t\t\n\t\t\t\t<h2 class=\"su-post-title\"><a href=\"https:\/\/yvesgingras.uqam.ca\/en\/medias-en\/sur-vos-ecrans-inspirations-contradictions-et-diversion\/\">Sur vos \u00e9crans: inspirations, contradictions et diversion<\/a><\/h2>\n\n\t\t\t\t<div class=\"su-post-meta\">\n\t\t\t\t\tPosted: 4 October 2021\t\t\t\t<\/div>\n\n\t\t\t\t<div class=\"su-post-excerpt\">\n\t\t\t\t\t<p>T\u00e9l\u00e9-Qu\u00e9bec, 6 octobre 2021<br \/>\nLe Devoir, 2 octobre 2021<\/p>\n\t\t\t\t<\/div>\n\n\t\t\t\t\n\t\t\t<\/div>\n\n\t\t\t\t\t\n\t\t\t\n\t\t\t<div id=\"su-post-5163\" class=\"su-post \">\n\n\t\t\t\t\n\t\t\t\t<h2 class=\"su-post-title\"><a href=\"https:\/\/yvesgingras.uqam.ca\/en\/medias-en\/la-liberte-academique-est-elle-menacee\/\">La libert\u00e9 acad\u00e9mique est-elle menac\u00e9e ?<\/a><\/h2>\n\n\t\t\t\t<div class=\"su-post-meta\">\n\t\t\t\t\tPosted: 2 March 2021\t\t\t\t<\/div>\n\n\t\t\t\t<div class=\"su-post-excerpt\">\n\t\t\t\t\t<p>La Libert\u00e9 acad\u00e9mique est elle menac\u00e9e&nbsp;? En France ou au Qu\u00e9bec, le milieu universitaire est au coeur de l\u2019actualit\u00e9.&nbsp;Yves&nbsp;Gingras&nbsp;prend part \u00e0 cette entrevue alors que le Qu\u00e9bec conna\u00eet lui aussi des questionnements. \u00bb Vid\u00e9oTV5 Monde, 25 f\u00e9vrier 2021<\/p>\n\t\t\t\t<\/div>\n\n\t\t\t\t\n\t\t\t<\/div>\n\n\t\t\t\t\t\n\t\t\t\n\t\t\t<div id=\"su-post-5132\" class=\"su-post \">\n\n\t\t\t\t\n\t\t\t\t<h2 class=\"su-post-title\"><a href=\"https:\/\/yvesgingras.uqam.ca\/en\/medias-en\/la-fabrique-de-lignorance\/\">La fabrique de l\u2019ignorance<\/a><\/h2>\n\n\t\t\t\t<div class=\"su-post-meta\">\n\t\t\t\t\tPosted: 16 February 2021\t\t\t\t<\/div>\n\n\t\t\t\t<div class=\"su-post-excerpt\">\n\t\t\t\t\t<p>Arte, 16 f\u00e9vrier 2021<\/p>\n\t\t\t\t<\/div>\n\n\t\t\t\t\n\t\t\t<\/div>\n\n\t\t\t\t\t\n\t\t\t\n\t\t\t<div id=\"su-post-4786\" class=\"su-post \">\n\n\t\t\t\t\n\t\t\t\t<h2 class=\"su-post-title\"><a href=\"https:\/\/yvesgingras.uqam.ca\/en\/medias-en\/yves-gingras-a-lassemblee-nationale\/\">Yves Gingras \u00e0 l\u2019Assembl\u00e9e nationale<\/a><\/h2>\n\n\t\t\t\t<div class=\"su-post-meta\">\n\t\t\t\t\tPosted: 12 August 2020\t\t\t\t<\/div>\n\n\t\t\t\t<div class=\"su-post-excerpt\">\n\t\t\t\t\t<p>Yves Gingras \u00e0 l\u2019Assembl\u00e9e nationale. Assembl\u00e9e nationale du Qu\u00e9bec, 12 ao\u00fbt 2020<\/p>\n\t\t\t\t<\/div>\n\n\t\t\t\t\n\t\t\t<\/div>\n\n\t\t\t\t\t\n\t\t\t\n\t\t\t<div id=\"su-post-3594\" class=\"su-post \">\n\n\t\t\t\t\n\t\t\t\t<h2 class=\"su-post-title\"><a href=\"https:\/\/yvesgingras.uqam.ca\/en\/medias-en\/beyond-fads-and-buzzwords-towards-a-realistic-science-policy\/\">Beyond Fads and Buzzwords: Towards a Realistic Science Policy<\/a><\/h2>\n\n\t\t\t\t<div class=\"su-post-meta\">\n\t\t\t\t\tPosted: 13 April 2020\t\t\t\t<\/div>\n\n\t\t\t\t<div class=\"su-post-excerpt\">\n\t\t\t\t\t<p>Beyond Fads and Buzzwords: Towards a Realistic Science Policy. Canadian Science Policy Centre, octobre 2010.<\/p>\n\t\t\t\t<\/div>\n\n\t\t\t\t\n\t\t\t<\/div>\n\n\t\t\t\t\t\n\t\t\t\n\t\t\t<div id=\"su-post-4310\" class=\"su-post \">\n\n\t\t\t\t\n\t\t\t\t<h2 class=\"su-post-title\"><a href=\"https:\/\/yvesgingras.uqam.ca\/en\/medias-en\/marie-victorin\/\">Marie-Victorin<\/a><\/h2>\n\n\t\t\t\t<div class=\"su-post-meta\">\n\t\t\t\t\tPosted: 30 December 2019\t\t\t\t<\/div>\n\n\t\t\t\t<div class=\"su-post-excerpt\">\n\t\t\t\t\t<p>Marie-Victorin. Savoir m\u00e9dia, 2019<\/p>\n\t\t\t\t<\/div>\n\n\t\t\t\t\n\t\t\t<\/div>\n\n\t\t\t\t\t\n\t\t\t\n\t\t\t<div id=\"su-post-1797\" class=\"su-post \">\n\n\t\t\t\t\n\t\t\t\t<h2 class=\"su-post-title\"><a href=\"https:\/\/yvesgingras.uqam.ca\/en\/medias-en\/il-y-a-50-ans-appolo-11-decollait\/\">Il y a 50 ans, Appolo 11 d\u00e9collait<\/a><\/h2>\n\n\t\t\t\t<div class=\"su-post-meta\">\n\t\t\t\t\tPosted: 16 July 2019\t\t\t\t<\/div>\n\n\t\t\t\t<div class=\"su-post-excerpt\">\n\t\t\t\t\t<p>Il y a 50 ans, Appolo 11 d\u00e9collait. RDI Matin, 16 juillet 2019.<\/p>\n\t\t\t\t<\/div>\n\n\t\t\t\t\n\t\t\t<\/div>\n\n\t\t\t\t\t\n\t\t\t\n\t\t\t<div id=\"su-post-1777\" class=\"su-post \">\n\n\t\t\t\t\n\t\t\t\t<h2 class=\"su-post-title\"><a href=\"https:\/\/yvesgingras.uqam.ca\/en\/medias-en\/regards-sur-la-communication-des-sciences-yves-gingras\/\">Regards sur la communication des sciences : Yves Gingras<\/a><\/h2>\n\n\t\t\t\t<div class=\"su-post-meta\">\n\t\t\t\t\tPosted: 11 February 2019\t\t\t\t<\/div>\n\n\t\t\t\t<div class=\"su-post-excerpt\">\n\t\t\t\t\t<p>Regards sur la communication des sciences : Yves Gingras. Science Vagabonde, 11 f\u00e9vrier 2019.<\/p>\n\t\t\t\t<\/div>\n\n\t\t\t\t\n\t\t\t<\/div>\n\n\t\t\t\t\t\n\t\t\t\n\t\t\t<div id=\"su-post-3528\" class=\"su-post \">\n\n\t\t\t\t\n\t\t\t\t<h2 class=\"su-post-title\"><a href=\"https:\/\/yvesgingras.uqam.ca\/en\/medias-en\/la-democratie-des-credules-le-paradoxe-dinternet\/\">La d\u00e9mocratie des cr\u00e9dules : le paradoxe d&#8217;internet<\/a><\/h2>\n\n\t\t\t\t<div class=\"su-post-meta\">\n\t\t\t\t\tPosted: 28 July 2018\t\t\t\t<\/div>\n\n\t\t\t\t<div class=\"su-post-excerpt\">\n\t\t\t\t\t<p>La d\u00e9mocratie des cr\u00e9dules : le paradoxe d&#8217;internet. Radio-Canada, 28 juillet 2018.<\/p>\n\t\t\t\t<\/div>\n\n\t\t\t\t\n\t\t\t<\/div>\n\n\t\t\t\t\t\n\t\t\t\n\t\t\t<div id=\"su-post-3539\" class=\"su-post \">\n\n\t\t\t\t\n\t\t\t\t<h2 class=\"su-post-title\"><a href=\"https:\/\/yvesgingras.uqam.ca\/en\/medias-en\/evolution-de-la-politique-scientifique-au-canada-et-au-quebec\/\">\u00c9volution de la politique scientifique au Canada et au Qu\u00e9bec<\/a><\/h2>\n\n\t\t\t\t<div class=\"su-post-meta\">\n\t\t\t\t\tPosted: 17 May 2018\t\t\t\t<\/div>\n\n\t\t\t\t<div class=\"su-post-excerpt\">\n\t\t\t\t\t<p>\u00c9volution de la politique scientifique au Canada et au Qu\u00e9bec. CIRST, 17 mai 2018.<\/p>\n\t\t\t\t<\/div>\n\n\t\t\t\t\n\t\t\t<\/div>\n\n\t\t\t\t\t\n\t\t\t\n\t\t\t<div id=\"su-post-4272\" class=\"su-post \">\n\n\t\t\t\t\n\t\t\t\t<h2 class=\"su-post-title\"><a href=\"https:\/\/yvesgingras.uqam.ca\/en\/medias-en\/lettres-biologiques-recherche-sur-la-sexualite-humaine-2\/\">Lettres biologiques. Recherche sur la sexualit\u00e9 humaine<\/a><\/h2>\n\n\t\t\t\t<div class=\"su-post-meta\">\n\t\t\t\t\tPosted: 7 February 2018\t\t\t\t<\/div>\n\n\t\t\t\t<div class=\"su-post-excerpt\">\n\t\t\t\t\t<p>Lettres biologiques. Recherche sur la sexualit\u00e9 humaine. Radio-Canada, 7 et 8 f\u00e9vrier.<\/p>\n\t\t\t\t<\/div>\n\n\t\t\t\t\n\t\t\t<\/div>\n\n\t\t\t\t\t\n\t\t\t\n\t\t\t<div id=\"su-post-1885\" class=\"su-post \">\n\n\t\t\t\t\n\t\t\t\t<h2 class=\"su-post-title\"><a href=\"https:\/\/yvesgingras.uqam.ca\/en\/medias-en\/la-democratie-des-credules\/\">La D\u00e9mocratie des cr\u00e9dules<\/a><\/h2>\n\n\t\t\t\t<div class=\"su-post-meta\">\n\t\t\t\t\tPosted: 29 August 2017\t\t\t\t<\/div>\n\n\t\t\t\t<div class=\"su-post-excerpt\">\n\t\t\t\t\t<p>La D\u00e9mocratie des cr\u00e9dules. Alpha Zoulou Films, 29 ao\u00fbt 2017.<\/p>\n\t\t\t\t<\/div>\n\n\t\t\t\t\n\t\t\t<\/div>\n\n\t\t\t\t\t\n\t\t\t\n\t\t\t<div id=\"su-post-3533\" class=\"su-post \">\n\n\t\t\t\t\n\t\t\t\t<h2 class=\"su-post-title\"><a href=\"https:\/\/yvesgingras.uqam.ca\/en\/medias-en\/symposium-canada-150-du-senat-science-et-culture\/\">Symposium Canada 150 du S\u00e9nat \u2013 Science et culture<\/a><\/h2>\n\n\t\t\t\t<div class=\"su-post-meta\">\n\t\t\t\t\tPosted: 26 May 2017\t\t\t\t<\/div>\n\n\t\t\t\t<div class=\"su-post-excerpt\">\n\t\t\t\t\t<p>Symposium Canada 150 du S\u00e9nat \u2013 Science et culture. CPAC, 26 mai 2017.<\/p>\n\t\t\t\t<\/div>\n\n\t\t\t\t\n\t\t\t<\/div>\n\n\t\t\t\t\t\n\t\t\t\n\t\t\t<div id=\"su-post-3545\" class=\"su-post \">\n\n\t\t\t\t\n\t\t\t\t<h2 class=\"su-post-title\"><a href=\"https:\/\/yvesgingras.uqam.ca\/en\/medias-en\/limpossible-dialogue-entre-sciences-et-religions\/\">L&#8217;impossible dialogue entre sciences et religions<\/a><\/h2>\n\n\t\t\t\t<div class=\"su-post-meta\">\n\t\t\t\t\tPosted: 13 March 2016\t\t\t\t<\/div>\n\n\t\t\t\t<div class=\"su-post-excerpt\">\n\t\t\t\t\t<p>L&#8217;impossible dialogue entre sciences et religions. Ici Radio-Canada T\u00e9l\u00e9, 13 mars 2016.<\/p>\n\t\t\t\t<\/div>\n\n\t\t\t\t\n\t\t\t<\/div>\n\n\t\t\t\t\t\n\t\t\t\n\t\t\t<div id=\"su-post-2009\" class=\"su-post \">\n\n\t\t\t\t\n\t\t\t\t<h2 class=\"su-post-title\"><a href=\"https:\/\/yvesgingras.uqam.ca\/en\/medias-en\/limpossible-dialogue\/\">L&#8217;impossible dialogue<\/a><\/h2>\n\n\t\t\t\t<div class=\"su-post-meta\">\n\t\t\t\t\tPosted: 15 February 2016\t\t\t\t<\/div>\n\n\t\t\t\t<div class=\"su-post-excerpt\">\n\t\t\t\t\t<p>L&#8217;impossible dialogue. M\u00e9dias divers, 2016-2019.<\/p>\n\t\t\t\t<\/div>\n\n\t\t\t\t\n\t\t\t<\/div>\n\n\t\t\t\t\t\n\t\t\t\n\t\t\t<div id=\"su-post-3557\" class=\"su-post \">\n\n\t\t\t\t\n\t\t\t\t<h2 class=\"su-post-title\"><a href=\"https:\/\/yvesgingras.uqam.ca\/en\/medias-en\/paradigme-definition-du-concept\/\">Paradigme: d\u00e9finition du concept<\/a><\/h2>\n\n\t\t\t\t<div class=\"su-post-meta\">\n\t\t\t\t\tPosted: 13 January 2016\t\t\t\t<\/div>\n\n\t\t\t\t<div class=\"su-post-excerpt\">\n\t\t\t\t\t<p>Paradigme: d\u00e9finition du concept. CIRST, janvier 2016.<\/p>\n\t\t\t\t<\/div>\n\n\t\t\t\t\n\t\t\t<\/div>\n\n\t\t\t\t\t\n\t\t\t\n\t\t\t<div id=\"su-post-3563\" class=\"su-post \">\n\n\t\t\t\t\n\t\t\t\t<h2 class=\"su-post-title\"><a href=\"https:\/\/yvesgingras.uqam.ca\/en\/medias-en\/evaluation-et-gouvernance-de-la-recherche\/\">Evaluation et gouvernance de la recherche<\/a><\/h2>\n\n\t\t\t\t<div class=\"su-post-meta\">\n\t\t\t\t\tPosted: 30 June 2015\t\t\t\t<\/div>\n\n\t\t\t\t<div class=\"su-post-excerpt\">\n\t\t\t\t\t<p>Evaluation et Gouvernance de la Recherche. Universit\u00e9 Paris Dauphine-PSL, 30 juin 2015.<\/p>\n\t\t\t\t<\/div>\n\n\t\t\t\t\n\t\t\t<\/div>\n\n\t\t\t\t\t\n\t\t\t\n\t\t\t<div id=\"su-post-3551\" class=\"su-post \">\n\n\t\t\t\t\n\t\t\t\t<h2 class=\"su-post-title\"><a href=\"https:\/\/yvesgingras.uqam.ca\/en\/medias-en\/nature-et-pertinence-de-la-sociologie-2\/\">Nature et pertinence de la sociologie<\/a><\/h2>\n\n\t\t\t\t<div class=\"su-post-meta\">\n\t\t\t\t\tPosted: 29 June 2015\t\t\t\t<\/div>\n\n\t\t\t\t<div class=\"su-post-excerpt\">\n\t\t\t\t\t<p>Nature et pertinence de la sociologie. Association Fran\u00e7aise de Sociologie, 29 juin 2015.<\/p>\n\t\t\t\t<\/div>\n\n\t\t\t\t\n\t\t\t<\/div>\n\n\t\t\t\t\t\n\t\t\t\n\t\t\t<div id=\"su-post-3569\" class=\"su-post \">\n\n\t\t\t\t\n\t\t\t\t<h2 class=\"su-post-title\"><a href=\"https:\/\/yvesgingras.uqam.ca\/en\/medias-en\/yves-gingras-sur-le-journalisme-scientifique\/\">Yves Gingras sur le journalisme scientifique<\/a><\/h2>\n\n\t\t\t\t<div class=\"su-post-meta\">\n\t\t\t\t\tPosted: 6 June 2015\t\t\t\t<\/div>\n\n\t\t\t\t<div class=\"su-post-excerpt\">\n\t\t\t\t\t<p>Yves Gingras sur le journalisme scientifique. Agence Science-Presse, 6 juin 2015.<\/p>\n\t\t\t\t<\/div>\n\n\t\t\t\t\n\t\t\t<\/div>\n\n\t\t\t\t\t\n\t\t\t\n\t\t\t<div id=\"su-post-3580\" class=\"su-post \">\n\n\t\t\t\t\n\t\t\t\t<h2 class=\"su-post-title\"><a href=\"https:\/\/yvesgingras.uqam.ca\/en\/medias-en\/comment-ne-pas-faire-une-communication-scientifique\/\">Comment ne pas faire une communication scientifique<\/a><\/h2>\n\n\t\t\t\t<div class=\"su-post-meta\">\n\t\t\t\t\tPosted: 27 March 2015\t\t\t\t<\/div>\n\n\t\t\t\t<div class=\"su-post-excerpt\">\n\t\t\t\t\t<p>Comment ne pas faire une communication scientifique. CIRST et Facult\u00e9 des sciences humaines de l&#8217;UQAM, 27 mars 2015.<\/p>\n\t\t\t\t<\/div>\n\n\t\t\t\t\n\t\t\t<\/div>\n\n\t\t\t\t\t\n\t\t\t\n\t\t\t<div id=\"su-post-4716\" class=\"su-post \">\n\n\t\t\t\t\n\t\t\t\t<h2 class=\"su-post-title\"><a href=\"https:\/\/yvesgingras.uqam.ca\/en\/medias-en\/le-gouvernement-conservateur-et-les-sciences\/\">Le gouvernement conservateur et les sciences<\/a><\/h2>\n\n\t\t\t\t<div class=\"su-post-meta\">\n\t\t\t\t\tPosted: 25 March 2015\t\t\t\t<\/div>\n\n\t\t\t\t<div class=\"su-post-excerpt\">\n\t\t\t\t\t<p>Le gouvernement conservateur et les sciences. M\u00e9dias divers, 2013<\/p>\n\t\t\t\t<\/div>\n\n\t\t\t\t\n\t\t\t<\/div>\n\n\t\t\t\t\t\n\t\t\t\n\t\t\t<div id=\"su-post-3575\" class=\"su-post \">\n\n\t\t\t\t\n\t\t\t\t<h2 class=\"su-post-title\"><a href=\"https:\/\/yvesgingras.uqam.ca\/en\/medias-en\/hommage-rendu-a-pierre-demers-physicien\/\">Hommage rendu \u00e0 Pierre Demers, physicien<\/a><\/h2>\n\n\t\t\t\t<div class=\"su-post-meta\">\n\t\t\t\t\tPosted: 8 November 2014\t\t\t\t<\/div>\n\n\t\t\t\t<div class=\"su-post-excerpt\">\n\t\t\t\t\t<p>Hommage rendu \u00e0 Pierre Demers, physicien. Acfas, 8 novembre 2014.<\/p>\n\t\t\t\t<\/div>\n\n\t\t\t\t\n\t\t\t<\/div>\n\n\t\t\t\t\t\n\t\t\t\n\t\t\t<div id=\"su-post-4738\" class=\"su-post \">\n\n\t\t\t\t\n\t\t\t\t<h2 class=\"su-post-title\"><a href=\"https:\/\/yvesgingras.uqam.ca\/en\/medias-en\/la-droite-religieuse-au-canada\/\">La droite religieuse au Canada<\/a><\/h2>\n\n\t\t\t\t<div class=\"su-post-meta\">\n\t\t\t\t\tPosted: 23 September 2014\t\t\t\t<\/div>\n\n\t\t\t\t<div class=\"su-post-excerpt\">\n\t\t\t\t\t<p>La droite religieuse au Canada. Zone Doc, 20 septembre 2014<\/p>\n\t\t\t\t<\/div>\n\n\t\t\t\t\n\t\t\t<\/div>\n\n\t\t\n\t\n<\/div>\n\n","protected":false},"excerpt":{"rendered":"","protected":false},"author":596,"featured_media":0,"parent":1199,"menu_order":0,"comment_status":"closed","ping_status":"closed","template":"","meta":{"_editorskit_title_hidden":false,"_editorskit_reading_time":0,"_editorskit_is_block_options_detached":false,"_editorskit_block_options_position":"{}","footnotes":""},"class_list":["post-1205","page","type-page","status-publish","hentry"],"yoast_head":"<!-- This site is optimized with the Yoast SEO plugin v27.4 - https:\/\/yoast.com\/product\/yoast-seo-wordpress\/ -->\n<title>Television - Yves Gingras - UQAM<\/title>\n<meta name=\"robots\" content=\"index, follow, max-snippet:-1, max-image-preview:large, max-video-preview:-1\" \/>\n<link rel=\"canonical\" href=\"https:\/\/yvesgingras.uqam.ca\/en\/media\/television\/\" \/>\n<meta property=\"og:locale\" content=\"en_US\" \/>\n<meta property=\"og:type\" content=\"article\" \/>\n<meta property=\"og:title\" content=\"Television - Yves Gingras - UQAM\" \/>\n<meta property=\"og:url\" content=\"https:\/\/yvesgingras.uqam.ca\/en\/media\/television\/\" \/>\n<meta property=\"og:site_name\" content=\"Yves Gingras\" \/>\n<meta property=\"article:modified_time\" content=\"2021-05-28T17:17:08+00:00\" \/>\n<meta name=\"twitter:card\" content=\"summary_large_image\" \/>\n<meta name=\"twitter:label1\" content=\"Est. reading time\" \/>\n\t<meta name=\"twitter:data1\" content=\"1 minute\" \/>\n<script type=\"application\/ld+json\" class=\"yoast-schema-graph\">{\"@context\":\"https:\\\/\\\/schema.org\",\"@graph\":[{\"@type\":\"WebPage\",\"@id\":\"https:\\\/\\\/yvesgingras.uqam.ca\\\/en\\\/media\\\/television\\\/\",\"url\":\"https:\\\/\\\/yvesgingras.uqam.ca\\\/en\\\/media\\\/television\\\/\",\"name\":\"Television - Yves Gingras - UQAM\",\"isPartOf\":{\"@id\":\"https:\\\/\\\/yvesgingras.uqam.ca\\\/#website\"},\"datePublished\":\"2020-03-05T21:03:19+00:00\",\"dateModified\":\"2021-05-28T17:17:08+00:00\",\"breadcrumb\":{\"@id\":\"https:\\\/\\\/yvesgingras.uqam.ca\\\/en\\\/media\\\/television\\\/#breadcrumb\"},\"inLanguage\":\"en-US\",\"potentialAction\":[{\"@type\":\"ReadAction\",\"target\":[\"https:\\\/\\\/yvesgingras.uqam.ca\\\/en\\\/media\\\/television\\\/\"]}]},{\"@type\":\"BreadcrumbList\",\"@id\":\"https:\\\/\\\/yvesgingras.uqam.ca\\\/en\\\/media\\\/television\\\/#breadcrumb\",\"itemListElement\":[{\"@type\":\"ListItem\",\"position\":1,\"name\":\"Accueil\",\"item\":\"https:\\\/\\\/yvesgingras.uqam.ca\\\/\"},{\"@type\":\"ListItem\",\"position\":2,\"name\":\"Media\",\"item\":\"https:\\\/\\\/yvesgingras.uqam.ca\\\/en\\\/media\\\/\"},{\"@type\":\"ListItem\",\"position\":3,\"name\":\"Television\"}]},{\"@type\":\"WebSite\",\"@id\":\"https:\\\/\\\/yvesgingras.uqam.ca\\\/#website\",\"url\":\"https:\\\/\\\/yvesgingras.uqam.ca\\\/\",\"name\":\"Yves Gingras\",\"description\":\"\",\"potentialAction\":[{\"@type\":\"SearchAction\",\"target\":{\"@type\":\"EntryPoint\",\"urlTemplate\":\"https:\\\/\\\/yvesgingras.uqam.ca\\\/?s={search_term_string}\"},\"query-input\":{\"@type\":\"PropertyValueSpecification\",\"valueRequired\":true,\"valueName\":\"search_term_string\"}}],\"inLanguage\":\"en-US\"}]}<\/script>\n<!-- \/ Yoast SEO plugin. -->","yoast_head_json":{"title":"Television - Yves Gingras - UQAM","robots":{"index":"index","follow":"follow","max-snippet":"max-snippet:-1","max-image-preview":"max-image-preview:large","max-video-preview":"max-video-preview:-1"},"canonical":"https:\/\/yvesgingras.uqam.ca\/en\/media\/television\/","og_locale":"en_US","og_type":"article","og_title":"Television - Yves Gingras - UQAM","og_url":"https:\/\/yvesgingras.uqam.ca\/en\/media\/television\/","og_site_name":"Yves Gingras","article_modified_time":"2021-05-28T17:17:08+00:00","twitter_card":"summary_large_image","twitter_misc":{"Est. reading time":"1 minute"},"schema":{"@context":"https:\/\/schema.org","@graph":[{"@type":"WebPage","@id":"https:\/\/yvesgingras.uqam.ca\/en\/media\/television\/","url":"https:\/\/yvesgingras.uqam.ca\/en\/media\/television\/","name":"Television - Yves Gingras - UQAM","isPartOf":{"@id":"https:\/\/yvesgingras.uqam.ca\/#website"},"datePublished":"2020-03-05T21:03:19+00:00","dateModified":"2021-05-28T17:17:08+00:00","breadcrumb":{"@id":"https:\/\/yvesgingras.uqam.ca\/en\/media\/television\/#breadcrumb"},"inLanguage":"en-US","potentialAction":[{"@type":"ReadAction","target":["https:\/\/yvesgingras.uqam.ca\/en\/media\/television\/"]}]},{"@type":"BreadcrumbList","@id":"https:\/\/yvesgingras.uqam.ca\/en\/media\/television\/#breadcrumb","itemListElement":[{"@type":"ListItem","position":1,"name":"Accueil","item":"https:\/\/yvesgingras.uqam.ca\/"},{"@type":"ListItem","position":2,"name":"Media","item":"https:\/\/yvesgingras.uqam.ca\/en\/media\/"},{"@type":"ListItem","position":3,"name":"Television"}]},{"@type":"WebSite","@id":"https:\/\/yvesgingras.uqam.ca\/#website","url":"https:\/\/yvesgingras.uqam.ca\/","name":"Yves Gingras","description":"","potentialAction":[{"@type":"SearchAction","target":{"@type":"EntryPoint","urlTemplate":"https:\/\/yvesgingras.uqam.ca\/?s={search_term_string}"},"query-input":{"@type":"PropertyValueSpecification","valueRequired":true,"valueName":"search_term_string"}}],"inLanguage":"en-US"}]}},"_links":{"self":[{"href":"https:\/\/yvesgingras.uqam.ca\/en\/wp-json\/wp\/v2\/pages\/1205","targetHints":{"allow":["GET"]}}],"collection":[{"href":"https:\/\/yvesgingras.uqam.ca\/en\/wp-json\/wp\/v2\/pages"}],"about":[{"href":"https:\/\/yvesgingras.uqam.ca\/en\/wp-json\/wp\/v2\/types\/page"}],"author":[{"embeddable":true,"href":"https:\/\/yvesgingras.uqam.ca\/en\/wp-json\/wp\/v2\/users\/596"}],"replies":[{"embeddable":true,"href":"https:\/\/yvesgingras.uqam.ca\/en\/wp-json\/wp\/v2\/comments?post=1205"}],"version-history":[{"count":2,"href":"https:\/\/yvesgingras.uqam.ca\/en\/wp-json\/wp\/v2\/pages\/1205\/revisions"}],"predecessor-version":[{"id":5359,"href":"https:\/\/yvesgingras.uqam.ca\/en\/wp-json\/wp\/v2\/pages\/1205\/revisions\/5359"}],"up":[{"embeddable":true,"href":"https:\/\/yvesgingras.uqam.ca\/en\/wp-json\/wp\/v2\/pages\/1199"}],"wp:attachment":[{"href":"https:\/\/yvesgingras.uqam.ca\/en\/wp-json\/wp\/v2\/media?parent=1205"}],"curies":[{"name":"wp","href":"https:\/\/api.w.org\/{rel}","templated":true}]}}